{"id":1744,"date":"2025-09-26T19:03:41","date_gmt":"2025-09-27T02:03:41","guid":{"rendered":"https:\/\/larosah.org\/?page_id=1744"},"modified":"2025-10-27T10:39:17","modified_gmt":"2025-10-27T17:39:17","slug":"progress-report","status":"publish","type":"page","link":"https:\/\/larosah.org\/es\/community-tyes\/tyes-research\/progress-report\/","title":{"rendered":"Informe 1"},"content":{"rendered":"<div data-elementor-type=\"wp-page\" data-elementor-id=\"1744\" class=\"elementor elementor-1744\">\n\t\t\t\t\t\t<section class=\"elementor-section elementor-top-section elementor-element elementor-element-894b129 elementor-section-boxed elementor-section-height-default elementor-section-height-default parallax_section_no qode_elementor_container_no\" data-id=\"894b129\" data-element_type=\"section\" data-settings=\"{&quot;background_background&quot;:&quot;classic&quot;}\">\n\t\t\t\t\t\t<div class=\"elementor-container elementor-column-gap-default\">\n\t\t\t\t\t<div class=\"elementor-column elementor-col-100 elementor-top-column elementor-element elementor-element-b40b828\" data-id=\"b40b828\" data-element_type=\"column\" data-settings=\"{&quot;background_background&quot;:&quot;classic&quot;}\">\n\t\t\t<div class=\"elementor-widget-wrap elementor-element-populated\">\n\t\t\t\t\t\t<div class=\"elementor-element elementor-element-ae9d015 elementor-widget elementor-widget-heading\" data-id=\"ae9d015\" data-element_type=\"widget\" data-widget_type=\"heading.default\">\n\t\t\t\t<div class=\"elementor-widget-container\">\n\t\t\t\t\t<h1 class=\"elementor-heading-title elementor-size-default\">Informe de progreso de la comunidad TYES: Creando equidad en Taylor Yard<\/h1>\t\t\t\t<\/div>\n\t\t\t\t<\/div>\n\t\t\t\t\t<\/div>\n\t\t<\/div>\n\t\t\t\t\t<\/div>\n\t\t<\/section>\n\t\t\t\t<section class=\"elementor-section elementor-top-section elementor-element elementor-element-76cd7d8 elementor-section-boxed elementor-section-height-default elementor-section-height-default parallax_section_no qode_elementor_container_no\" data-id=\"76cd7d8\" data-element_type=\"section\" data-settings=\"{&quot;background_background&quot;:&quot;classic&quot;}\">\n\t\t\t\t\t\t<div class=\"elementor-container elementor-column-gap-default\">\n\t\t\t\t\t<div class=\"elementor-column elementor-col-100 elementor-top-column elementor-element elementor-element-b212a38\" data-id=\"b212a38\" data-element_type=\"column\" data-settings=\"{&quot;background_background&quot;:&quot;classic&quot;}\">\n\t\t\t<div class=\"elementor-widget-wrap elementor-element-populated\">\n\t\t\t\t\t\t<div class=\"elementor-element elementor-element-11c9911 elementor-widget elementor-widget-image\" data-id=\"11c9911\" data-element_type=\"widget\" data-widget_type=\"image.default\">\n\t\t\t\t<div class=\"elementor-widget-container\">\n\t\t\t\t\t\t\t\t\t\t\t\t\t\t\t<img fetchpriority=\"high\" decoding=\"async\" width=\"2048\" height=\"1536\" src=\"https:\/\/larosah.org\/wp-content\/uploads\/2025\/09\/Photoshopping-Horizontal-4.png\" class=\"attachment-full size-full wp-image-1841\" alt=\"\" srcset=\"https:\/\/larosah.org\/wp-content\/uploads\/2025\/09\/Photoshopping-Horizontal-4.png 2048w, https:\/\/larosah.org\/wp-content\/uploads\/2025\/09\/Photoshopping-Horizontal-4-300x225.png 300w, https:\/\/larosah.org\/wp-content\/uploads\/2025\/09\/Photoshopping-Horizontal-4-1024x768.png 1024w, https:\/\/larosah.org\/wp-content\/uploads\/2025\/09\/Photoshopping-Horizontal-4-768x576.png 768w, https:\/\/larosah.org\/wp-content\/uploads\/2025\/09\/Photoshopping-Horizontal-4-1536x1152.png 1536w, https:\/\/larosah.org\/wp-content\/uploads\/2025\/09\/Photoshopping-Horizontal-4-16x12.png 16w, https:\/\/larosah.org\/wp-content\/uploads\/2025\/09\/Photoshopping-Horizontal-4-800x600.png 800w, https:\/\/larosah.org\/wp-content\/uploads\/2025\/09\/Photoshopping-Horizontal-4-700x525.png 700w\" sizes=\"(max-width: 2048px) 100vw, 2048px\" \/>\t\t\t\t\t\t\t\t\t\t\t\t\t\t\t<\/div>\n\t\t\t\t<\/div>\n\t\t\t\t<div class=\"elementor-element elementor-element-024f031 elementor-widget elementor-widget-text-editor\" data-id=\"024f031\" data-element_type=\"widget\" data-widget_type=\"text-editor.default\">\n\t\t\t\t<div class=\"elementor-widget-container\">\n\t\t\t\t\t\t\t\t\t<p><span style=\"font-weight: 400;\">La Estrategia Comunitaria de Equidad para Taylor Yars, o TYES, por sus siglas en Ingl\u00e9s, es una iniciativa impulsada por la comunidad para garantizar que, a medida que se crean nuevos parques y espacios verdes a lo largo del r\u00edo Los \u00c1ngeles, los vecinos que viven en las inmediaciones puedan seguir arraigados y prosperar en el lugar.&nbsp;<\/span><\/p>\n<p><span style=\"font-weight: 400;\">&nbsp;<\/span><\/p>\n<p><span style=\"font-weight: 400;\">Lanzado en 2021 por la ciudad de Los \u00c1ngeles y la 100 Acre Partnership, una colaboraci\u00f3n entre la ciudad, los parques estatales de California y la Autoridad de Conservaci\u00f3n y Recreaci\u00f3n de las Monta\u00f1as, el TYES comenz\u00f3 como respuesta directa a las preocupaciones de la comunidad. Los residentes acogieron con satisfacci\u00f3n la tan esperada restauraci\u00f3n del emplazamiento de Taylor Yard, pero tambi\u00e9n les preocupaba que, tras soportar la contaminaci\u00f3n del dep\u00f3sito ferroviario, esta importante inversi\u00f3n p\u00fablica en la restauraci\u00f3n de los h\u00e1bitats ribere\u00f1os y los parques beneficiara a las comunidades locales o acelerara la gentrificaci\u00f3n y el desplazamiento.<\/span><\/p>\n<p><span style=\"font-weight: 400;\">&nbsp;<\/span><\/p>\n<p><span style=\"font-weight: 400;\">La ciudad se asoci\u00f3 con la Colaboraci\u00f3n Regional de Espacios Abiertos y Vivienda Asequible de Los \u00c1ngeles (LA ROSAH), el Fondo de Legado de Recursos y la UCLA para liderar el trabajo. Juntos, se comprometieron a crear un nuevo modelo en el que la equidad no sea una idea secundaria, sino que se incorpore a la planificaci\u00f3n y ejecuci\u00f3n de un parque de 100 acres. El objetivo de TYES es sencillo, pero urgente: vincular la restauraci\u00f3n medioambiental con la estabilidad de la vivienda, las oportunidades laborales y la equidad cultural, de modo que los residentes de larga duraci\u00f3n se beneficien de las inversiones p\u00fablicas en lugar de verse expulsados.<\/span><\/p>\n<p><span style=\"font-weight: 400;\">&nbsp;<\/span><\/p>\n<p><span style=\"font-weight: 400;\">El reci\u00e9n publicado Informe de progreso 1 de TYES es el primer hito en este camino. Refleja las numerosas opiniones y comentarios recabados entre los residentes locales, las organizaciones y las partes interesadas. El informe resume el trabajo preliminar realizado hasta la fecha y presenta veinte oportunidades de acci\u00f3n para ayudar a proteger a las comunidades y configurar un futuro equitativo en Taylor Yard.<\/span><\/p>\t\t\t\t\t\t\t\t<\/div>\n\t\t\t\t<\/div>\n\t\t\t\t<div class=\"elementor-element elementor-element-5c88f01 elementor-widget elementor-widget-heading\" data-id=\"5c88f01\" data-element_type=\"widget\" data-widget_type=\"heading.default\">\n\t\t\t\t<div class=\"elementor-widget-container\">\n\t\t\t\t\t<h1 class=\"elementor-heading-title elementor-size-default\">Contenido del informe<\/h1>\t\t\t\t<\/div>\n\t\t\t\t<\/div>\n\t\t\t\t<div class=\"elementor-element elementor-element-2e3157f elementor-widget elementor-widget-text-editor\" data-id=\"2e3157f\" data-element_type=\"widget\" data-widget_type=\"text-editor.default\">\n\t\t\t\t<div class=\"elementor-widget-container\">\n\t\t\t\t\t\t\t\t\t<p>El primer informe de progreso de TYES recopila las lecciones aprendidas de la investigaci\u00f3n, las consultas a la comunidad y las sesiones estrat\u00e9gicas. El informe tiene tres objetivos principales:<br \/><br \/><\/p><p>1. Presenta la geograf\u00eda del proyecto y los proyectos de 100 Acre Partnership, entre los que se incluyen Bowtie Parcel, Taylor Yard G2 y el Parque Estatal R\u00edo de Los \u00c1ngeles.<br \/><br \/><\/p><p>2. Resume las conversaciones y preocupaciones de la comunidad, especialmente los temores al desalojo, el aumento de los alquileres y la necesidad de oportunidades laborales significativas.<br \/><br \/><\/p><p>3. Propone veinte oportunidades para la acci\u00f3n en favor de la equidad: una hoja de ruta para pol\u00edticas, programas y colaboraciones que podr\u00edan proteger y fortalecer a las comunidades locales a medida que Taylor Yard se transforma.<\/p><p>\u00a0<\/p>\t\t\t\t\t\t\t\t<\/div>\n\t\t\t\t<\/div>\n\t\t\t\t<div class=\"elementor-element elementor-element-599924b elementor-widget elementor-widget-image\" data-id=\"599924b\" data-element_type=\"widget\" data-widget_type=\"image.default\">\n\t\t\t\t<div class=\"elementor-widget-container\">\n\t\t\t\t\t\t\t\t\t\t\t\t\t\t\t<img decoding=\"async\" width=\"2048\" height=\"1536\" src=\"https:\/\/larosah.org\/wp-content\/uploads\/2025\/09\/Photoshopping-Horizontal-2.png\" class=\"attachment-full size-full wp-image-1747\" alt=\"\" srcset=\"https:\/\/larosah.org\/wp-content\/uploads\/2025\/09\/Photoshopping-Horizontal-2.png 2048w, https:\/\/larosah.org\/wp-content\/uploads\/2025\/09\/Photoshopping-Horizontal-2-300x225.png 300w, https:\/\/larosah.org\/wp-content\/uploads\/2025\/09\/Photoshopping-Horizontal-2-1024x768.png 1024w, https:\/\/larosah.org\/wp-content\/uploads\/2025\/09\/Photoshopping-Horizontal-2-768x576.png 768w, https:\/\/larosah.org\/wp-content\/uploads\/2025\/09\/Photoshopping-Horizontal-2-1536x1152.png 1536w, https:\/\/larosah.org\/wp-content\/uploads\/2025\/09\/Photoshopping-Horizontal-2-800x600.png 800w, https:\/\/larosah.org\/wp-content\/uploads\/2025\/09\/Photoshopping-Horizontal-2-700x525.png 700w\" sizes=\"(max-width: 2048px) 100vw, 2048px\" \/>\t\t\t\t\t\t\t\t\t\t\t\t\t\t\t<\/div>\n\t\t\t\t<\/div>\n\t\t\t\t<div class=\"elementor-element elementor-element-6f1e363 elementor-widget elementor-widget-heading\" data-id=\"6f1e363\" data-element_type=\"widget\" data-widget_type=\"heading.default\">\n\t\t\t\t<div class=\"elementor-widget-container\">\n\t\t\t\t\t<h1 class=\"elementor-heading-title elementor-size-default\">Veinte oportunidades para la equidad<\/h1>\t\t\t\t<\/div>\n\t\t\t\t<\/div>\n\t\t\t\t<div class=\"elementor-element elementor-element-729ee12 elementor-widget elementor-widget-text-editor\" data-id=\"729ee12\" data-element_type=\"widget\" data-widget_type=\"text-editor.default\">\n\t\t\t\t<div class=\"elementor-widget-container\">\n\t\t\t\t\t\t\t\t\t<p>El n\u00facleo del Informe de progreso es un conjunto de 20 oportunidades estrat\u00e9gicas para la acci\u00f3n. Estas oportunidades no son soluciones \u00fanicas para todos, sino \u00e1reas en las que los socios de TYES pueden centrar sus esfuerzos e invitar a la colaboraci\u00f3n. Abarcan cuestiones como:<\/p><p><br><\/p>\n<p><b><u>Estabilidad de la vivienda<\/u><\/b>: protecci\u00f3n de los inquilinos, preservaci\u00f3n de viviendas asequibles y exploraci\u00f3n de modelos de propiedad comunitaria.<\/p>\n<p><b><u><br>Desarrollo de la fuerza laboral<\/u><\/b>: crear canales de formaci\u00f3n y dar prioridad a la contrataci\u00f3n local en la construcci\u00f3n y el mantenimiento de parques.<\/p><p><br><\/p>\n<p><\/p>\n<p><b><u>Apoyo a las peque\u00f1as empresas<\/u><\/b>: asegurar que las empresas que prestan servicios a los barrios puedan hacer frente al aumento de los costes y competir en una econom\u00eda cambiante.<\/p><p><br><\/p>\n<p><\/p>\n<p><b><u>Preservaci\u00f3n cultural<\/u><\/b>: promover las historias, lenguas y tradiciones locales a trav\u00e9s del dise\u00f1o y la programaci\u00f3n.<\/p><p><br><\/p>\n<p><\/p>\n<p><b><u>Inversi\u00f3n en la juventud<\/u><\/b>: crear oportunidades de liderazgo y espacios seguros y accesibles para el esparcimiento y el crecimiento.<\/p><p><br><\/p>\n<p>Las veinte oportunidades se plantean como elementos b\u00e1sicos, ideas que pueden ponerse a prueba, perfeccionarse y ampliarse con las aportaciones de los residentes, los socios y las agencias.<\/p>\n<div>&nbsp;<\/div>\t\t\t\t\t\t\t\t<\/div>\n\t\t\t\t<\/div>\n\t\t\t\t<div class=\"elementor-element elementor-element-77d8efe elementor-widget elementor-widget-heading\" data-id=\"77d8efe\" data-element_type=\"widget\" data-widget_type=\"heading.default\">\n\t\t\t\t<div class=\"elementor-widget-container\">\n\t\t\t\t\t<h1 class=\"elementor-heading-title elementor-size-default\">Dos \u00e1reas prioritarias<\/h1>\t\t\t\t<\/div>\n\t\t\t\t<\/div>\n\t\t\t\t<div class=\"elementor-element elementor-element-043040b elementor-widget elementor-widget-text-editor\" data-id=\"043040b\" data-element_type=\"widget\" data-widget_type=\"text-editor.default\">\n\t\t\t\t<div class=\"elementor-widget-container\">\n\t\t\t\t\t\t\t\t\t<p>Si bien las oportunidades abarcan una amplia gama de cuestiones, dos \u00e1reas se destacaron como prioridades principales seg\u00fan las aportaciones de la comunidad y las investigaciones:<br><br><\/p>\n<p><b><u>1. Estabilidad de la vivienda<br><\/u><\/b><\/p>\n<p>\u2022 Los residentes temen que los nuevos parques provoquen un aumento de los alquileres y atraigan inversiones especulativas.<br><br><\/p>\n<p>\u2022 El informe destaca medidas para proteger a los inquilinos, evitar desalojos, preservar las viviendas asequibles existentes y explorar herramientas como los fideicomisos inmobiliarios o los modelos de viviendas cooperativas.<br><br><\/p>\n<p>\u2022 Tambi\u00e9n reconoce la necesidad de vincular esta labor con iniciativas m\u00e1s amplias a nivel municipal para prevenir la falta de vivienda y garantizar la asequibilidad de la vivienda.<br><br><\/p>\n<p><b><u>2. Desarrollo de la fuerza laboral<\/u><\/b><\/p>\n<p>\u2022 Adem\u00e1s de crear espacios verdes abiertos y parques, los proyectos de 100 acres en Taylor Yard deber\u00edan\/pueden\/van a crear v\u00edas para acceder a buenos puestos de trabajo.<br><br>\u2022 El informe aboga por la creaci\u00f3n de canales espec\u00edficos para que los residentes locales \u2014especialmente los j\u00f3venes, los inmigrantes y los trabajadores subempleados\u2014 puedan acceder a nuevas oportunidades de empleo.<br><br><\/p>\n<p>\u2022 Esto incluye puestos de trabajo en la construcci\u00f3n durante la fase de edificaci\u00f3n, as\u00ed como \u00abempleos verdes\u00bb a largo plazo en el mantenimiento de parques, la restauraci\u00f3n medioambiental y las labores de resiliencia clim\u00e1tica.<br><br><\/p>\n<p>Al centrarse en estas dos \u00e1reas, TYES pretende abordar los riesgos m\u00e1s acuciantes del desplazamiento, al tiempo que abre oportunidades para la creaci\u00f3n de riqueza y la estabilidad.<\/p>\n<div>&nbsp;<\/div>\t\t\t\t\t\t\t\t<\/div>\n\t\t\t\t<\/div>\n\t\t\t\t<div class=\"elementor-element elementor-element-d960fbe elementor-widget elementor-widget-heading\" data-id=\"d960fbe\" data-element_type=\"widget\" data-widget_type=\"heading.default\">\n\t\t\t\t<div class=\"elementor-widget-container\">\n\t\t\t\t\t<h1 class=\"elementor-heading-title elementor-size-default\">La comunidad en el n\u00facleo<\/h1>\t\t\t\t<\/div>\n\t\t\t\t<\/div>\n\t\t\t\t<div class=\"elementor-element elementor-element-b32ddfd elementor-widget elementor-widget-text-editor\" data-id=\"b32ddfd\" data-element_type=\"widget\" data-widget_type=\"text-editor.default\">\n\t\t\t\t<div class=\"elementor-widget-container\">\n\t\t\t\t\t\t\t\t\t<p>Otro tema clave del informe es el proceso. TYES est\u00e1 dise\u00f1ado para ser continuo e iterativo. El informe de progreso reconoce la realidad del \u00abcansancio de la planificaci\u00f3n\u00bb en NELA: a lo largo de los a\u00f1os, se ha pedido a los residentes su opini\u00f3n en numerosas ocasiones, a menudo sin ver resultados. En esta ocasi\u00f3n, el compromiso es actuar en funci\u00f3n de lo que han dicho los residentes y mantener a las comunidades directamente involucradas en la toma de decisiones.<\/p><p><br \/>El informe se elabor\u00f3 a partir de giras de escucha, talleres y entrevistas con residentes, organizaciones comunitarias y expertos. Ese proceso sac\u00f3 a la luz tanto preocupaciones como ideas creativas, muchas de las cuales ahora dan forma a las oportunidades descritas.<\/p><div>\u00a0<\/div>\t\t\t\t\t\t\t\t<\/div>\n\t\t\t\t<\/div>\n\t\t\t\t<div class=\"elementor-element elementor-element-a5786c3 elementor-widget elementor-widget-heading\" data-id=\"a5786c3\" data-element_type=\"widget\" data-widget_type=\"heading.default\">\n\t\t\t\t<div class=\"elementor-widget-container\">\n\t\t\t\t\t<h1 class=\"elementor-heading-title elementor-size-default\">Mirando hacia el futuro<\/h1>\t\t\t\t<\/div>\n\t\t\t\t<\/div>\n\t\t\t\t<div class=\"elementor-element elementor-element-3753ec8 elementor-widget elementor-widget-text-editor\" data-id=\"3753ec8\" data-element_type=\"widget\" data-widget_type=\"text-editor.default\">\n\t\t\t\t<div class=\"elementor-widget-container\">\n\t\t\t\t\t\t\t\t\t<p>El informe de progreso no es un plan definitivo, sino un hito en un largo camino. Sienta las bases para un trabajo m\u00e1s profundo en la siguiente fase de TYES: priorizar las estrategias m\u00e1s impactantes, identificar socios para llevarlas adelante y asegurar los recursos necesarios para hacerlas realidad.<br \/><br \/><\/p><p>A medida que el parque de 100 acres avanza hacia su construcci\u00f3n e inauguraci\u00f3n, hay mucho en juego. Sin estrategias de equidad, los parques pueden acelerar la gentrificaci\u00f3n. Con estrategias de equidad, pueden convertirse en motores de salud, riqueza y resiliencia compartidas. TYES est\u00e1 trabajando para demostrar que esto \u00faltimo es posible.<\/p><div>\u00a0<\/div>\t\t\t\t\t\t\t\t<\/div>\n\t\t\t\t<\/div>\n\t\t\t\t<div class=\"elementor-element elementor-element-dc28da5 elementor-widget elementor-widget-heading\" data-id=\"dc28da5\" data-element_type=\"widget\" data-widget_type=\"heading.default\">\n\t\t\t\t<div class=\"elementor-widget-container\">\n\t\t\t\t\t<h1 class=\"elementor-heading-title elementor-size-default\">Leer el informe completo<\/h1>\t\t\t\t<\/div>\n\t\t\t\t<\/div>\n\t\t\t\t<div class=\"elementor-element elementor-element-c522e5f elementor-widget elementor-widget-text-editor\" data-id=\"c522e5f\" data-element_type=\"widget\" data-widget_type=\"text-editor.default\">\n\t\t\t\t<div class=\"elementor-widget-container\">\n\t\t\t\t\t\t\t\t\t<p>Este resumen destaca los elementos clave del Informe de progreso 1: c\u00f3mo comenz\u00f3 TYES, por qu\u00e9 es importante y hacia d\u00f3nde se dirige. El informe completo ofrece un examen detallado de la investigaci\u00f3n, los hallazgos y veinte oportunidades para la acci\u00f3n. Le invitamos a descargarlo, leer m\u00e1s y unirse a la conversaci\u00f3n sobre c\u00f3mo hacer de Taylor Yard un modelo para el desarrollo comunitario equitativo.<br><br><\/p>\n<p><b>Descargar el informe completo en ingl\u00e9s&nbsp;<\/b><a href=\"https:\/\/larosah.org\/wp-content\/uploads\/2025\/09\/TYES-Progress-Report-1-September-2025-English.pdf\" target=\"_blank\" rel=\"noopener\">aqu\u00ed<\/a><b>.<br><\/b><br><b>Para la traducci\u00f3n al espa\u00f1ol, v\u00e9ase&nbsp;<\/b><a href=\"https:\/\/larosah.org\/wp-content\/uploads\/2025\/09\/TYES-Progress-Report-1-September-2025-Spanish.pdf\" target=\"_blank\" rel=\"noopener\">aqu\u00ed<\/a><b>.<\/b><\/p>\n<p><\/p>\t\t\t\t\t\t\t\t<\/div>\n\t\t\t\t<\/div>\n\t\t\t\t\t<\/div>\n\t\t<\/div>\n\t\t\t\t\t<\/div>\n\t\t<\/section>\n\t\t\t\t<section class=\"elementor-section elementor-top-section elementor-element elementor-element-3aa8fa3 elementor-section-boxed elementor-section-height-default elementor-section-height-default parallax_section_no qode_elementor_container_no\" data-id=\"3aa8fa3\" data-element_type=\"section\" data-settings=\"{&quot;background_background&quot;:&quot;classic&quot;}\">\n\t\t\t\t\t\t<div class=\"elementor-container elementor-column-gap-default\">\n\t\t\t\t\t<div class=\"elementor-column elementor-col-100 elementor-top-column elementor-element elementor-element-897b3a6\" data-id=\"897b3a6\" data-element_type=\"column\">\n\t\t\t<div class=\"elementor-widget-wrap elementor-element-populated\">\n\t\t\t\t\t\t\t<\/div>\n\t\t<\/div>\n\t\t\t\t\t<\/div>\n\t\t<\/section>\n\t\t\t\t<section class=\"elementor-section elementor-top-section elementor-element elementor-element-dfa86ff elementor-section-height-min-height elementor-section-boxed elementor-section-height-default elementor-section-items-middle parallax_section_no qode_elementor_container_no\" data-id=\"dfa86ff\" data-element_type=\"section\" data-settings=\"{&quot;background_background&quot;:&quot;classic&quot;}\">\n\t\t\t\t\t\t\t<div class=\"elementor-background-overlay\"><\/div>\n\t\t\t\t\t\t\t<div class=\"elementor-container elementor-column-gap-default\">\n\t\t\t\t\t<div class=\"elementor-column elementor-col-100 elementor-top-column elementor-element elementor-element-74458fc\" data-id=\"74458fc\" data-element_type=\"column\" data-settings=\"{&quot;background_background&quot;:&quot;classic&quot;}\">\n\t\t\t<div class=\"elementor-widget-wrap elementor-element-populated\">\n\t\t\t\t\t\t<div class=\"elementor-element elementor-element-3c34d52 elementor-widget elementor-widget-text-editor\" data-id=\"3c34d52\" data-element_type=\"widget\" data-widget_type=\"text-editor.default\">\n\t\t\t\t<div class=\"elementor-widget-container\">\n\t\t\t\t\t\t\t\t\t<p>\u00bfVive en NELA?&nbsp;<\/p>\t\t\t\t\t\t\t\t<\/div>\n\t\t\t\t<\/div>\n\t\t\t\t<div class=\"elementor-element elementor-element-97913bb elementor-widget elementor-widget-text-editor\" data-id=\"97913bb\" data-element_type=\"widget\" data-widget_type=\"text-editor.default\">\n\t\t\t\t<div class=\"elementor-widget-container\">\n\t\t\t\t\t\t\t\t\t<p>\u00a0Participe en la\u00a0<\/p><p>Estrategia de Equidad en Taylor Yard (TYES).\u00a0<\/p><p>Comparta su opini\u00f3n.\u00a0<\/p><p>Mant\u00e9ngase informado.<\/p>\t\t\t\t\t\t\t\t<\/div>\n\t\t\t\t<\/div>\n\t\t\t\t<div class=\"elementor-element elementor-element-85daa05 elementor-button-info elementor-align-center elementor-widget elementor-widget-button\" data-id=\"85daa05\" data-element_type=\"widget\" data-widget_type=\"button.default\">\n\t\t\t\t<div class=\"elementor-widget-container\">\n\t\t\t\t\t\t\t\t\t<div class=\"elementor-button-wrapper\">\n\t\t\t\t\t<a class=\"elementor-button elementor-button-link elementor-size-sm\" href=\"https:\/\/docs.google.com\/forms\/d\/1bOP-Cv92Wwqgoi-LiLpFVePsJvN-wTHn4hSoGbufhE8\/edit\" target=\"_blank\">\n\t\t\t\t\t\t<span class=\"elementor-button-content-wrapper\">\n\t\t\t\t\t\t\t\t\t<span class=\"elementor-button-text\">Haga clic para unirse a la comunidad.<\/span>\n\t\t\t\t\t<\/span>\n\t\t\t\t\t<\/a>\n\t\t\t\t<\/div>\n\t\t\t\t\t\t\t\t<\/div>\n\t\t\t\t<\/div>\n\t\t\t\t\t<\/div>\n\t\t<\/div>\n\t\t\t\t\t<\/div>\n\t\t<\/section>\n\t\t\t\t<\/div>","protected":false},"excerpt":{"rendered":"<p>Community TYES Progress Report: Building Equity at Taylor Yard The Community Taylor Yard Equity Strategy, or TYES, is a community-driven effort to ensure that as new parks and green space are created along the Los Angeles River, the neighbors who live nearby can remain rooted&#8230;<\/p>","protected":false},"author":3,"featured_media":1746,"parent":1782,"menu_order":0,"comment_status":"closed","ping_status":"closed","template":"elementor_header_footer","meta":{"footnotes":""},"class_list":["post-1744","page","type-page","status-publish","has-post-thumbnail","hentry"],"_links":{"self":[{"href":"https:\/\/larosah.org\/es\/wp-json\/wp\/v2\/pages\/1744","targetHints":{"allow":["GET"]}}],"collection":[{"href":"https:\/\/larosah.org\/es\/wp-json\/wp\/v2\/pages"}],"about":[{"href":"https:\/\/larosah.org\/es\/wp-json\/wp\/v2\/types\/page"}],"author":[{"embeddable":true,"href":"https:\/\/larosah.org\/es\/wp-json\/wp\/v2\/users\/3"}],"replies":[{"embeddable":true,"href":"https:\/\/larosah.org\/es\/wp-json\/wp\/v2\/comments?post=1744"}],"version-history":[{"count":72,"href":"https:\/\/larosah.org\/es\/wp-json\/wp\/v2\/pages\/1744\/revisions"}],"predecessor-version":[{"id":2164,"href":"https:\/\/larosah.org\/es\/wp-json\/wp\/v2\/pages\/1744\/revisions\/2164"}],"up":[{"embeddable":true,"href":"https:\/\/larosah.org\/es\/wp-json\/wp\/v2\/pages\/1782"}],"wp:featuredmedia":[{"embeddable":true,"href":"https:\/\/larosah.org\/es\/wp-json\/wp\/v2\/media\/1746"}],"wp:attachment":[{"href":"https:\/\/larosah.org\/es\/wp-json\/wp\/v2\/media?parent=1744"}],"curies":[{"name":"wp","href":"https:\/\/api.w.org\/{rel}","templated":true}]}}