{"id":1910,"date":"2025-10-02T11:20:35","date_gmt":"2025-10-02T18:20:35","guid":{"rendered":"https:\/\/larosah.org\/?page_id=1910"},"modified":"2025-10-02T19:47:30","modified_gmt":"2025-10-03T02:47:30","slug":"press-release-progress-report","status":"publish","type":"page","link":"https:\/\/larosah.org\/es\/community-tyes\/news\/press-release-progress-report\/","title":{"rendered":"Comunicado de prensa Informe de situaci\u00f3n"},"content":{"rendered":"<div data-elementor-type=\"wp-page\" data-elementor-id=\"1910\" class=\"elementor elementor-1910\">\n\t\t\t\t\t\t<section class=\"elementor-section elementor-top-section elementor-element elementor-element-c5f75e9 elementor-section-boxed elementor-section-height-default elementor-section-height-default parallax_section_no qode_elementor_container_no\" data-id=\"c5f75e9\" data-element_type=\"section\" data-settings=\"{&quot;background_background&quot;:&quot;classic&quot;}\">\n\t\t\t\t\t\t<div class=\"elementor-container elementor-column-gap-default\">\n\t\t\t\t\t<div class=\"elementor-column elementor-col-100 elementor-top-column elementor-element elementor-element-7256a51\" data-id=\"7256a51\" data-element_type=\"column\" data-settings=\"{&quot;background_background&quot;:&quot;classic&quot;}\">\n\t\t\t<div class=\"elementor-widget-wrap elementor-element-populated\">\n\t\t\t\t\t\t<div class=\"elementor-element elementor-element-6ae2974 elementor-widget elementor-widget-image\" data-id=\"6ae2974\" data-element_type=\"widget\" data-widget_type=\"image.default\">\n\t\t\t\t<div class=\"elementor-widget-container\">\n\t\t\t\t\t\t\t\t\t\t\t\t\t\t\t<img fetchpriority=\"high\" decoding=\"async\" width=\"940\" height=\"348\" src=\"https:\/\/larosah.org\/wp-content\/uploads\/2025\/08\/FacebookCoverPhoto.png\" class=\"attachment-full size-full wp-image-1586\" alt=\"\" srcset=\"https:\/\/larosah.org\/wp-content\/uploads\/2025\/08\/FacebookCoverPhoto.png 940w, https:\/\/larosah.org\/wp-content\/uploads\/2025\/08\/FacebookCoverPhoto-300x111.png 300w, https:\/\/larosah.org\/wp-content\/uploads\/2025\/08\/FacebookCoverPhoto-768x284.png 768w, https:\/\/larosah.org\/wp-content\/uploads\/2025\/08\/FacebookCoverPhoto-700x259.png 700w\" sizes=\"(max-width: 940px) 100vw, 940px\" \/>\t\t\t\t\t\t\t\t\t\t\t\t\t\t\t<\/div>\n\t\t\t\t<\/div>\n\t\t\t\t\t<\/div>\n\t\t<\/div>\n\t\t\t\t\t<\/div>\n\t\t<\/section>\n\t\t\t\t<section class=\"elementor-section elementor-top-section elementor-element elementor-element-894b129 elementor-section-boxed elementor-section-height-default elementor-section-height-default parallax_section_no qode_elementor_container_no\" data-id=\"894b129\" data-element_type=\"section\" data-settings=\"{&quot;background_background&quot;:&quot;classic&quot;}\">\n\t\t\t\t\t\t<div class=\"elementor-container elementor-column-gap-default\">\n\t\t\t\t\t<div class=\"elementor-column elementor-col-100 elementor-top-column elementor-element elementor-element-b40b828\" data-id=\"b40b828\" data-element_type=\"column\" data-settings=\"{&quot;background_background&quot;:&quot;classic&quot;}\">\n\t\t\t<div class=\"elementor-widget-wrap elementor-element-populated\">\n\t\t\t\t\t\t<div class=\"elementor-element elementor-element-ae9d015 elementor-widget elementor-widget-heading\" data-id=\"ae9d015\" data-element_type=\"widget\" data-widget_type=\"heading.default\">\n\t\t\t\t<div class=\"elementor-widget-container\">\n\t\t\t\t\t<h1 class=\"elementor-heading-title elementor-size-default\">Comunicado de Prensa de Comunidad TYES: Primer Informe de Progreso<\/h1>\t\t\t\t<\/div>\n\t\t\t\t<\/div>\n\t\t\t\t\t<\/div>\n\t\t<\/div>\n\t\t\t\t\t<\/div>\n\t\t<\/section>\n\t\t\t\t<section class=\"elementor-section elementor-top-section elementor-element elementor-element-76cd7d8 elementor-section-boxed elementor-section-height-default elementor-section-height-default parallax_section_no qode_elementor_container_no\" data-id=\"76cd7d8\" data-element_type=\"section\" data-settings=\"{&quot;background_background&quot;:&quot;classic&quot;}\">\n\t\t\t\t\t\t<div class=\"elementor-container elementor-column-gap-default\">\n\t\t\t\t\t<div class=\"elementor-column elementor-col-100 elementor-top-column elementor-element elementor-element-b212a38\" data-id=\"b212a38\" data-element_type=\"column\" data-settings=\"{&quot;background_background&quot;:&quot;classic&quot;}\">\n\t\t\t<div class=\"elementor-widget-wrap elementor-element-populated\">\n\t\t\t\t\t\t<div class=\"elementor-element elementor-element-11c9911 elementor-widget elementor-widget-image\" data-id=\"11c9911\" data-element_type=\"widget\" data-widget_type=\"image.default\">\n\t\t\t\t<div class=\"elementor-widget-container\">\n\t\t\t\t\t\t\t\t\t\t\t\t\t\t\t<img decoding=\"async\" width=\"2560\" height=\"1920\" src=\"https:\/\/larosah.org\/wp-content\/uploads\/2025\/10\/image0-scaled.jpeg\" class=\"attachment-full size-full wp-image-1947\" alt=\"\" srcset=\"https:\/\/larosah.org\/wp-content\/uploads\/2025\/10\/image0-scaled.jpeg 2560w, https:\/\/larosah.org\/wp-content\/uploads\/2025\/10\/image0-300x225.jpeg 300w, https:\/\/larosah.org\/wp-content\/uploads\/2025\/10\/image0-1024x768.jpeg 1024w, https:\/\/larosah.org\/wp-content\/uploads\/2025\/10\/image0-768x576.jpeg 768w, https:\/\/larosah.org\/wp-content\/uploads\/2025\/10\/image0-1536x1152.jpeg 1536w, https:\/\/larosah.org\/wp-content\/uploads\/2025\/10\/image0-2048x1536.jpeg 2048w, https:\/\/larosah.org\/wp-content\/uploads\/2025\/10\/image0-16x12.jpeg 16w, https:\/\/larosah.org\/wp-content\/uploads\/2025\/10\/image0-800x600.jpeg 800w, https:\/\/larosah.org\/wp-content\/uploads\/2025\/10\/image0-700x525.jpeg 700w\" sizes=\"(max-width: 2560px) 100vw, 2560px\" \/>\t\t\t\t\t\t\t\t\t\t\t\t\t\t\t<\/div>\n\t\t\t\t<\/div>\n\t\t\t\t<div class=\"elementor-element elementor-element-024f031 elementor-widget elementor-widget-text-editor\" data-id=\"024f031\" data-element_type=\"widget\" data-widget_type=\"text-editor.default\">\n\t\t\t\t<div class=\"elementor-widget-container\">\n\t\t\t\t\t\t\t\t\t<p><b>PARA PUBLICACI\u00d3N INMEDIATA<\/b><\/p>\n<p><b>&nbsp;<\/b><\/p>\n<p><b>2 de Octubre de 2025<\/b><\/p>\n<p><b>&nbsp;<\/b><\/p>\n<p><b>Para m\u00e1s informaci\u00f3n y entrevistas: Isaac Shamam al correo: isaac@larosah.org<\/b><\/p>\n<p><b>&nbsp;<\/b><\/p>\n<p><b>Con la renovaci\u00f3n de las canchas de f\u00fatbol del Parque Estatal R\u00edo de Los \u00c1ngeles completada, la Estrategia de Equidad de Taylor Yard (TYES) presenta un plan impulsado por la comunidad.<\/b><\/p>\n<p><b>&nbsp;<\/b><\/p>\n<p><i>El Informe de Progreso de la Comunidad TYES, presentado durante la celebraci\u00f3n por las mejoras en las canchas de f\u00fatbol del Parque Estatal R\u00edo de Los \u00c1ngeles, detalla c\u00f3mo las nuevas 100 acres de \u00e1reas verdes en Taylor Yard beneficiar\u00e1n a residentes de larga trayectoria en el Noreste de Los \u00c1ngeles.<\/i><\/p>\n<p><i>&nbsp;<\/i><i>&nbsp;<\/i><\/p>\n<p>Noreste de Los \u00c1ngeles (NELA) - 2 de octubre de 2025 - Socios de la Comunidad Taylor Yard Equidad Estrategia (TYES) - el 100 Acre Partnership (100AP) y el Los Angeles Regional Open Space y Vivienda Asequible (LA ROSAH) Collaborative- se uni\u00f3 a los miembros de la comunidad y los responsables pol\u00edticos en una ceremonia de corte de cinta para los campos de f\u00fatbol reci\u00e9n mejoradas en el R\u00edo de Los \u00c1ngeles State Park el s\u00e1bado 27 de septiembre. En el acto se celebraron las mejoras del campo de f\u00fatbol y se subray\u00f3 el papel fundamental de TYES para garantizar que la transformaci\u00f3n de la zona se convierta en una fuente de oportunidades compartidas para los residentes de toda la vida.<\/p>\n<p><br><\/p>\n<p>El Proyecto de Mejoras en las Canchas del Parque Estatal R\u00edo de Los \u00c1ngeles, dirigido por la Oficina de Ingenier\u00eda de la Ciudad de Los \u00c1ngeles con apoyo de Parques Estatales de California, incluye canchas renovadas, mejoras en la iluminaci\u00f3n, ba\u00f1os y senderos peatonales. Este parque de 40 acres forma parte del sitio m\u00e1s amplio de 100 acres en Taylor Yard. La Alianza de 100 Acres es una colaboraci\u00f3n entre la Ciudad de Los \u00c1ngeles, Parques Estatales de California y la Autoridad de Recreaci\u00f3n y Conservaci\u00f3n de las Monta\u00f1as (MRCA) para crear el espacio abierto continuo m\u00e1s grande a lo largo del R\u00edo Los \u00c1ngeles.<\/p>\n<p><br><\/p>\n<p>La ceremonia sirvi\u00f3 de plataforma para abordar c\u00f3mo estas importantes inversiones en parques beneficiar\u00e1n a los residentes del noreste de Los \u00c1ngeles, muchos de los cuales son inquilinos con bajos ingresos que han vivido durante d\u00e9cadas cerca del antiguo astillero ferroviario contaminado de Taylor Yard.<\/p>\n<p><br><\/p>\n<p><b>Vinculando mejoras en los parques con la equidad comunitaria<\/b><\/p>\n<p><b><br><\/b><\/p>\n<p>El corte de list\u00f3n tambi\u00e9n marc\u00f3 la presentaci\u00f3n del Informe de Progreso de la Estrategia de Equidad de Taylor Yard. La iniciativa TYES es una colaboraci\u00f3n entre la Alianza de 100 Acres y LA ROSAH, seleccionada por la Ciudad de Los \u00c1ngeles para liderar la estrategia de equidad. TYES naci\u00f3 de una pregunta esencial: mientras las agencias p\u00fablicas trabajan en restaurar estas 100 acres, \u00bfc\u00f3mo aseguramos que la equidad est\u00e9 integrada desde el principio?<\/p>\n<p><br><\/p>\n<p>\"<i>Desde el inicio, la iniciativa comunitaria TYES ha sido guiada por un solo objetivo: construir equidad en la base misma de esta restauraci\u00f3n de 100 acres,\u201d dijo Christine Jerian, Directora del Programa Comunitario TYES. \u201cHoy vemos un resultado poderoso de ese modelo en estas mejoras al parque, que sucedieron porque la ciudad y el estado escucharon a residentes que ped\u00edan espacios de recreaci\u00f3n activa. Nuestro papel en TYES es aplicar ese mismo modelo probado de escucha en toda la transformaci\u00f3n de Taylor Yard, garantizando que apoye a los residentes de largo plazo al impulsar prioridades urgentes como la estabilidad de vivienda y el desarrollo laboral.\u201d<\/i><\/p>\n<p><i>&nbsp;<\/i><\/p>\n<p>La Estrategia de Equidad de Taylor Yard responde directamente a los temores comunitarios de desplazamiento, y todo su proceso se gu\u00eda por un principio central: escuchar primero. A trav\u00e9s de una amplia participaci\u00f3n comunitaria, el equipo escuch\u00f3 un fuerte apoyo a los nuevos parques, junto con un temor real a ser desplazados. La hist\u00f3rica defensa comunitaria por m\u00e1s espacios activos fue un factor clave en las mejoras celebradas en el Parque Estatal R\u00edo de Los \u00c1ngeles, demostrando c\u00f3mo la voz comunitaria da forma a resultados concretos.<\/p>\n<p><br><\/p>\n<p>El Informe de Progreso Comunitario TYES (septiembre de 2025) est\u00e1 disponible en:&nbsp;<a href=\"https:\/\/larosah.org\/es\/community-tyes\/tyes-research\/progress-report\/\" target=\"_blank\">TYES Informe<\/a><\/p>\n<p><br><\/p>\n<p><b>Principales hallazgos del Informe de Progreso Comunitario TYES<\/b><\/p>\n<p><b><br><\/b>El informe documenta la investigaci\u00f3n inicial y la participaci\u00f3n comunitaria que identific\u00f3 20 oportunidades estrat\u00e9gicas de acci\u00f3n. Entre los hallazgos destacan dos preocupaciones expresadas repetidamente por los residentes: la necesidad de estabilidad de vivienda y el desarrollo de empleo local. Estas prioridades surgen de la preocupaci\u00f3n fundamental de que las mismas mejoras que han defendido puedan, a la vez, causar su desplazamiento.<\/p>\n<p><br><\/p>\n<p><b>La Ciudad de Los \u00c1ngeles y FUSE Corps se asocian para amplificar voces comunitarias en TYES<\/b><\/p>\n<p><b><br><\/b>La Oficina de Ingenier\u00eda de la Ciudad de Los \u00c1ngeles, en colaboraci\u00f3n con la consultora de FUSE Corps, la Dra. Edidiong Mendie, realiz\u00f3 un recorrido de escucha con actores clave de TYES para colocar las perspectivas comunitarias en el centro de la toma de decisiones. Este proceso revel\u00f3 causas y retos de fondo y ayud\u00f3 a trazar caminos para la colaboraci\u00f3n. Un resultado clave fue el llamado a un modelo de gobernanza compartida, que llev\u00f3 a la creaci\u00f3n del Comit\u00e9 de Supervisi\u00f3n de TYES. Este organismo, con representantes de LA ROSAH, la Alianza de 100 Acres, distritos del Concejo local y UCLA, guiar\u00e1 los esfuerzos con transparencia, equidad y liderazgo comunitario.<\/p>\n<p><br><\/p>\n<p><b>Sobre LA ROSAH<\/b><\/p>\n<p><b><br><\/b>La Colaborativa de Espacio Abierto Regional de Los \u00c1ngeles y Vivienda Asequible (LA ROSAH) es una coalici\u00f3n dedicada a impulsar un desarrollo equitativo que asegure que las comunidades m\u00e1s vulnerables se beneficien de las inversiones p\u00fablicas en espacio abierto e infraestructura.<\/p>\n<p><br><\/p>\n<p><b>LA ROSAH fortalece a TYES con contrataciones clave<\/b><\/p>\n<p><b><br><\/b>Para impulsar este trabajo, LA ROSAH anuncia dos contrataciones estrat\u00e9gicas. Christine Jerian se une como Directora del Programa, aportando m\u00e1s de 25 a\u00f1os de liderazgo en el sector p\u00fablico en desarrollo de pol\u00edticas y construcci\u00f3n de coaliciones, con experiencia en el Concejo Municipal de Los \u00c1ngeles y la oficina del Alcalde. Isaac Shamam se integra como Coordinador de Comunicaciones, aportando una d\u00e9cada de experiencia en mercadotecnia y comunicaciones para organizaciones sin fines de lucro enfocadas en equidad de vivienda y justicia ambiental. Su experiencia ser\u00e1 fundamental para que las voces comunitarias lideren la narrativa sobre los desarrollos en Taylor Yard.<\/p>\n<p><br><\/p>\n<p><b>Sobre la Asociaci\u00f3n de 100 Acres<\/b><\/p>\n<p><b><br><\/b>La Asociaci\u00f3n de 100 Acres es un esfuerzo conjunto de la Ciudad de Los \u00c1ngeles, Parques Estatales de California y la Autoridad de Recreaci\u00f3n y Conservaci\u00f3n de las Monta\u00f1as (MRCA) para transformar el antiguo patio ferroviario de Taylor Yard en el espacio abierto continuo m\u00e1s grande a lo largo del R\u00edo Los \u00c1ngeles.<\/p>\t\t\t\t\t\t\t\t<\/div>\n\t\t\t\t<\/div>\n\t\t\t\t\t<\/div>\n\t\t<\/div>\n\t\t\t\t\t<\/div>\n\t\t<\/section>\n\t\t\t\t<section class=\"elementor-section elementor-top-section elementor-element elementor-element-d2b43d5 elementor-section-full_width elementor-section-height-default elementor-section-height-default parallax_section_no qode_elementor_container_no\" data-id=\"d2b43d5\" data-element_type=\"section\" data-settings=\"{&quot;background_background&quot;:&quot;classic&quot;}\">\n\t\t\t\t\t\t<div class=\"elementor-container elementor-column-gap-default\">\n\t\t\t\t\t<div class=\"elementor-column elementor-col-100 elementor-top-column elementor-element elementor-element-f72a8b5\" data-id=\"f72a8b5\" data-element_type=\"column\">\n\t\t\t<div class=\"elementor-widget-wrap elementor-element-populated\">\n\t\t\t\t\t\t<div class=\"elementor-element elementor-element-012c619 elementor-widget elementor-widget-spacer\" data-id=\"012c619\" data-element_type=\"widget\" data-widget_type=\"spacer.default\">\n\t\t\t\t<div class=\"elementor-widget-container\">\n\t\t\t\t\t\t\t<div class=\"elementor-spacer\">\n\t\t\t<div class=\"elementor-spacer-inner\"><\/div>\n\t\t<\/div>\n\t\t\t\t\t\t<\/div>\n\t\t\t\t<\/div>\n\t\t\t\t\t<\/div>\n\t\t<\/div>\n\t\t\t\t\t<\/div>\n\t\t<\/section>\n\t\t\t\t<section class=\"elementor-section elementor-top-section elementor-element elementor-element-faef317 elementor-section-boxed elementor-section-height-default elementor-section-height-default parallax_section_no qode_elementor_container_no\" data-id=\"faef317\" data-element_type=\"section\">\n\t\t\t\t\t\t<div class=\"elementor-container elementor-column-gap-default\">\n\t\t\t\t\t<div class=\"elementor-column elementor-col-100 elementor-top-column elementor-element elementor-element-c894281\" data-id=\"c894281\" data-element_type=\"column\">\n\t\t\t<div class=\"elementor-widget-wrap\">\n\t\t\t\t\t\t\t<\/div>\n\t\t<\/div>\n\t\t\t\t\t<\/div>\n\t\t<\/section>\n\t\t\t\t<\/div>","protected":false},"excerpt":{"rendered":"<p>Community TYES Press Release: First Progress Report FOR IMMEDIATE RELEASE &nbsp; October 2nd, 2025 &nbsp; For more information and interviews, contact: Isaac via email at isaac@larosah.org. &nbsp; With Rio de Los Angeles State Park Soccer Field Upgrades Complete, Taylor Yard Equity Strategy (TYES) Releases Community-Driven&#8230;<\/p>","protected":false},"author":3,"featured_media":1746,"parent":1894,"menu_order":0,"comment_status":"closed","ping_status":"closed","template":"elementor_header_footer","meta":{"footnotes":""},"class_list":["post-1910","page","type-page","status-publish","has-post-thumbnail","hentry"],"_links":{"self":[{"href":"https:\/\/larosah.org\/es\/wp-json\/wp\/v2\/pages\/1910","targetHints":{"allow":["GET"]}}],"collection":[{"href":"https:\/\/larosah.org\/es\/wp-json\/wp\/v2\/pages"}],"about":[{"href":"https:\/\/larosah.org\/es\/wp-json\/wp\/v2\/types\/page"}],"author":[{"embeddable":true,"href":"https:\/\/larosah.org\/es\/wp-json\/wp\/v2\/users\/3"}],"replies":[{"embeddable":true,"href":"https:\/\/larosah.org\/es\/wp-json\/wp\/v2\/comments?post=1910"}],"version-history":[{"count":86,"href":"https:\/\/larosah.org\/es\/wp-json\/wp\/v2\/pages\/1910\/revisions"}],"predecessor-version":[{"id":2045,"href":"https:\/\/larosah.org\/es\/wp-json\/wp\/v2\/pages\/1910\/revisions\/2045"}],"up":[{"embeddable":true,"href":"https:\/\/larosah.org\/es\/wp-json\/wp\/v2\/pages\/1894"}],"wp:featuredmedia":[{"embeddable":true,"href":"https:\/\/larosah.org\/es\/wp-json\/wp\/v2\/media\/1746"}],"wp:attachment":[{"href":"https:\/\/larosah.org\/es\/wp-json\/wp\/v2\/media?parent=1910"}],"curies":[{"name":"wp","href":"https:\/\/api.w.org\/{rel}","templated":true}]}}